{"id":6269,"date":"2021-11-23T13:53:57","date_gmt":"2021-11-23T13:53:57","guid":{"rendered":"https:\/\/fustane.al\/?page_id=6269"},"modified":"2021-11-24T13:05:34","modified_gmt":"2021-11-24T13:05:34","slug":"llogaria-ime","status":"publish","type":"page","link":"https:\/\/fustane.al\/?page_id=6269","title":{"rendered":"LLOGARIA IME"},"content":{"rendered":"\t\t<div data-elementor-type=\"wp-page\" data-elementor-id=\"6269\" class=\"elementor elementor-6269\" data-elementor-settings=\"[]\">\n\t\t\t\t\t\t\t<div class=\"elementor-section-wrap\">\n\t\t\t\t\t\t\t<section class=\"elementor-section elementor-top-section elementor-element elementor-element-28dca8c elementor-section-boxed elementor-section-height-default elementor-section-height-default\" data-id=\"28dca8c\" data-element_type=\"section\">\n\t\t\t\t\t\t<div class=\"elementor-container elementor-column-gap-default\">\n\t\t\t\t\t<div class=\"elementor-column elementor-col-50 elementor-top-column elementor-element elementor-element-ac9508e\" data-id=\"ac9508e\" data-element_type=\"column\">\n\t\t\t<div class=\"elementor-widget-wrap elementor-element-populated\">\n\t\t\t\t\t\t\t\t<div class=\"elementor-element elementor-element-1b8f513 elementor-widget elementor-widget-heading\" data-id=\"1b8f513\" data-element_type=\"widget\" data-widget_type=\"heading.default\">\n\t\t\t\t<div class=\"elementor-widget-container\">\n\t\t\t<h2 class=\"elementor-heading-title elementor-size-default\">Ky\u00e7u<\/h2>\t\t<\/div>\n\t\t\t\t<\/div>\n\t\t\t\t<div class=\"elementor-element elementor-element-25b35d2 elementor-widget elementor-widget-jet-login\" data-id=\"25b35d2\" data-element_type=\"widget\" data-widget_type=\"jet-login.default\">\n\t\t\t\t<div class=\"elementor-widget-container\">\n\t\t\t<div class=\"elementor-jet-login jet-blocks\"><div class=\"jet-login\">\n\t\t<form name=\"loginform\" id=\"loginform\"  method=\"post\">\n\t\t\t\n\t\t\t<p class=\"login-username\">\n\t\t\t\t<label for=\"user_login\">Emri i p\u00ebrdoruesit ose email-i<\/label>\n\t\t\t\t<input type=\"text\" name=\"log\" id=\"user_login\" placeholder=\"\" class=\"input\" value=\"\" size=\"20\" \/>\n\t\t\t<\/p>\n\t\t\t<p class=\"login-password\">\n\t\t\t\t<label for=\"user_pass\">Fjal\u00ebkalimi<\/label>\n\t\t\t\t<input type=\"password\" name=\"pwd\" id=\"user_pass\" placeholder=\"\" class=\"input\" value=\"\" size=\"20\" \/>\n\t\t\t<\/p>\n\t\t\t\n\t\t\t<p class=\"login-remember\"><label><input name=\"rememberme\" type=\"checkbox\" id=\"rememberme\" value=\"forever\" \/> M\u00eb mbaj mend<\/label><\/p>\n\t\t\t<p class=\"login-submit\">\n\t\t\t\t<input type=\"submit\" name=\"wp-submit\" id=\"wp-submit\" class=\"button button-primary\" value=\"Ky\u00e7u\" \/>\n\t\t\t\t<input type=\"hidden\" name=\"redirect_to\" value=\"https:\/\/fustane.al\/\" \/>\n\t\t\t<\/p>\n\t\t\t<input type=\"hidden\" name=\"jet_login\" value=\"1\">\n\t\t<\/form>\n<a href=\"https:\/\/fustane.al\/?page_id=12&#038;lost-password\" class=\"jet-login-lost-password-link\">E keni humbur fjal\u00ebkalimin?<\/a>\n<\/div><\/div>\t\t<\/div>\n\t\t\t\t<\/div>\n\t\t\t\t\t<\/div>\n\t\t<\/div>\n\t\t\t\t<div class=\"elementor-column elementor-col-50 elementor-top-column elementor-element elementor-element-eaa097a\" data-id=\"eaa097a\" data-element_type=\"column\">\n\t\t\t<div class=\"elementor-widget-wrap elementor-element-populated\">\n\t\t\t\t\t\t\t\t<div class=\"elementor-element elementor-element-e5b1c4e elementor-widget elementor-widget-heading\" data-id=\"e5b1c4e\" data-element_type=\"widget\" data-widget_type=\"heading.default\">\n\t\t\t\t<div class=\"elementor-widget-container\">\n\t\t\t<h2 class=\"elementor-heading-title elementor-size-default\">Regjistrohu<\/h2>\t\t<\/div>\n\t\t\t\t<\/div>\n\t\t\t\t<div class=\"elementor-element elementor-element-7f8afe0 elementor-widget elementor-widget-jet-register\" data-id=\"7f8afe0\" data-element_type=\"widget\" data-widget_type=\"jet-register.default\">\n\t\t\t\t<div class=\"elementor-widget-container\">\n\t\t\t<div class=\"elementor-jet-register jet-blocks\"><form method=\"post\" class=\"jet-register\">\n\n\t<p class=\"jet-register__row\">\n\t\t<label class=\"jet-register__label\" for=\"jet_username\">Emri i p\u00ebrdoruesit<\/label>\n\t\t<input type=\"text\" class=\"jet-register__input\" name=\"username\" id=\"jet_username\" value=\"\" placeholder=\"Emri i p\u00ebrdoruesit\"\/>\n\t<\/p>\n\n\t<p class=\"jet-register__row\">\n\t\t<label  class=\"jet-register__label\"  for=\"jet_email\">Email-i<\/label>\n\t\t<input type=\"email\" class=\"jet-register__input\" name=\"email\" id=\"jet_email\" value=\"\" placeholder=\"Email-i\"\/>\n\t<\/p>\n\n\t<p class=\"jet-register__row\">\n\t\t<label  class=\"jet-register__label\" for=\"jet_password\">Fjal\u00ebkalimi<\/label>\n\t\t<input type=\"password\" class=\"jet-register__input\" name=\"password\" id=\"jet_password\" placeholder=\"Fjal\u00ebkalimi\"\/>\n\t<\/p>\n\n\t\n\t\t<p class=\"jet-register__row\">\n\t\t\t<label  class=\"jet-register__label\" for=\"jet_password_confirm\">Ju lutem konfirmoni fjal\u00ebkalimin<\/label>\n\t\t\t<input type=\"password\" class=\"jet-register__input\" name=\"password-confirm\" id=\"jet_password_confirm\" placeholder=\"Konfirmo fjal\u00ebkalimin\"\/>\n\t\t\t<input type=\"hidden\" name=\"jet_confirm_password\" value=\"true\">\t\t<\/p>\n\n\t\n\t\n\t<p class=\"jet-register__row jet-register-submit\">\n\t\t<input type=\"hidden\" id=\"jet-register-nonce\" name=\"jet-register-nonce\" value=\"434651a787\" \/><input type=\"hidden\" name=\"_wp_http_referer\" value=\"\/index.php?rest_route=%2Fwp%2Fv2%2Fpages%2F6269\" \/><input type=\"hidden\" name=\"jet_redirect\" value=\"https:\/\/fustane.al\/\">\t\t<button type=\"submit\" class=\"jet-register__submit button\" name=\"register\">Regjistrohu<\/button>\n\t<\/p>\n\n<\/form>\n<\/div>\t\t<\/div>\n\t\t\t\t<\/div>\n\t\t\t\t\t<\/div>\n\t\t<\/div>\n\t\t\t\t\t\t\t<\/div>\n\t\t<\/section>\n\t\t\t\t\t\t<\/div>\n\t\t\t\t\t<\/div>\n\t\t","protected":false},"excerpt":{"rendered":"<p>Ky\u00e7u Emri i p\u00ebrdoruesit ose email-i Fjal\u00ebkalimi M\u00eb mbaj mend E keni humbur fjal\u00ebkalimin? Regjistrohu Emri i p\u00ebrdoruesit Email-i Fjal\u00ebkalimi Ju lutem konfirmoni fjal\u00ebkalimin Regjistrohu<\/p>\n","protected":false},"author":1,"featured_media":0,"parent":0,"menu_order":0,"comment_status":"closed","ping_status":"closed","template":"elementor_header_footer","meta":[],"_links":{"self":[{"href":"https:\/\/fustane.al\/index.php?rest_route=\/wp\/v2\/pages\/6269"}],"collection":[{"href":"https:\/\/fustane.al\/index.php?rest_route=\/wp\/v2\/pages"}],"about":[{"href":"https:\/\/fustane.al\/index.php?rest_route=\/wp\/v2\/types\/page"}],"author":[{"embeddable":true,"href":"https:\/\/fustane.al\/index.php?rest_route=\/wp\/v2\/users\/1"}],"replies":[{"embeddable":true,"href":"https:\/\/fustane.al\/index.php?rest_route=%2Fwp%2Fv2%2Fcomments&post=6269"}],"version-history":[{"count":0,"href":"https:\/\/fustane.al\/index.php?rest_route=\/wp\/v2\/pages\/6269\/revisions"}],"wp:attachment":[{"href":"https:\/\/fustane.al\/index.php?rest_route=%2Fwp%2Fv2%2Fmedia&parent=6269"}],"curies":[{"name":"wp","href":"https:\/\/api.w.org\/{rel}","templated":true}]}}